{"id":484,"date":"2021-03-17T18:07:18","date_gmt":"2021-03-17T18:07:18","guid":{"rendered":"https:\/\/www.xn--frderkreis-musikschule-dessau-g5c.de\/?page_id=484"},"modified":"2023-05-02T14:44:04","modified_gmt":"2023-05-02T14:44:04","slug":"beitragsordnung","status":"publish","type":"page","link":"https:\/\/www.xn--frderkreis-musikschule-dessau-g5c.de\/?page_id=484","title":{"rendered":"Beitragsordnung"},"content":{"rendered":"\n<h3 class=\"wp-block-heading\">Beitragsordnung des F\u00f6rderkreises der Musikschule \u201eKurt Weill\u201c e.V.<\/h3>\n\n\n\n<p>\u00a7 1 Jedes Mitglied ist zur Zahlung des Beitrages nach Ma\u00dfgabe dieser Beitragsordnung verpflichtet.<\/p>\n\n\n\n<p>\u00a7 2 Der Beitrag betr\u00e4gt f\u00fcr nat\u00fcrliche, juristische Personen oder Personengesellschaften f\u00fcr das Kalenderjahr \u20ac 20,00.<\/p>\n\n\n\n<p>\u00a7 3 Der Jahresbeitrag ist zahlbar bis zum 30. April des Jahres. Beginnt die Mitgliedschaft erst im Laufe des Jahres, so ist gleichwohl der volle Jahresbeitrag zu entrichten, es sei denn, die Mitgliedschaft beginnt erstmals nach dem 30.09. eines Jahres. Dann ist der Mitgliedsbeitrag erstmals f\u00fcr das Folgejahr zu entrichten. Das Mitglied kann sich schriftlich zu einem h\u00f6heren Beitrag verpflichten, wobei die Erh\u00f6hung jederzeit f\u00fcr das Folgejahr widerruflich ist.<\/p>\n\n\n\n<p>\u00a7 4 Der Jahresbeitrag ist in einer Summe durch \u00dcberweisung auf das Konto des F\u00f6rderkreises zu entrichten.<\/p>\n\n\n\n<p>Beschlossen durch die Jahreshauptversammlung.<\/p>\n\n\n\n<p>Dessau, den 06. April 2006<\/p>\n","protected":false},"excerpt":{"rendered":"<p>Beitragsordnung des F\u00f6rderkreises der Musikschule \u201eKurt Weill\u201c e.V. \u00a7 1 Jedes Mitglied ist zur Zahlung des Beitrages nach Ma\u00dfgabe dieser Beitragsordnung verpflichtet. \u00a7 2 Der Beitrag betr\u00e4gt f\u00fcr nat\u00fcrliche, juristische Personen oder Personengesellschaften f\u00fcr das Kalenderjahr \u20ac 20,00. \u00a7 3 Der Jahresbeitrag ist zahlbar bis zum 30. April des Jahres. Beginnt die Mitgliedschaft erst im&hellip; <a class=\"more-link\" href=\"https:\/\/www.xn--frderkreis-musikschule-dessau-g5c.de\/?page_id=484\"><span class=\"screen-reader-text\">Beitragsordnung<\/span> weiterlesen<\/a><\/p>\n","protected":false},"author":3,"featured_media":0,"parent":0,"menu_order":0,"comment_status":"closed","ping_status":"closed","template":"","meta":{"footnotes":""},"class_list":["post-484","page","type-page","status-publish","hentry","entry"],"_links":{"self":[{"href":"https:\/\/www.xn--frderkreis-musikschule-dessau-g5c.de\/index.php?rest_route=\/wp\/v2\/pages\/484","targetHints":{"allow":["GET"]}}],"collection":[{"href":"https:\/\/www.xn--frderkreis-musikschule-dessau-g5c.de\/index.php?rest_route=\/wp\/v2\/pages"}],"about":[{"href":"https:\/\/www.xn--frderkreis-musikschule-dessau-g5c.de\/index.php?rest_route=\/wp\/v2\/types\/page"}],"author":[{"embeddable":true,"href":"https:\/\/www.xn--frderkreis-musikschule-dessau-g5c.de\/index.php?rest_route=\/wp\/v2\/users\/3"}],"replies":[{"embeddable":true,"href":"https:\/\/www.xn--frderkreis-musikschule-dessau-g5c.de\/index.php?rest_route=%2Fwp%2Fv2%2Fcomments&post=484"}],"version-history":[{"count":1,"href":"https:\/\/www.xn--frderkreis-musikschule-dessau-g5c.de\/index.php?rest_route=\/wp\/v2\/pages\/484\/revisions"}],"predecessor-version":[{"id":486,"href":"https:\/\/www.xn--frderkreis-musikschule-dessau-g5c.de\/index.php?rest_route=\/wp\/v2\/pages\/484\/revisions\/486"}],"wp:attachment":[{"href":"https:\/\/www.xn--frderkreis-musikschule-dessau-g5c.de\/index.php?rest_route=%2Fwp%2Fv2%2Fmedia&parent=484"}],"curies":[{"name":"wp","href":"https:\/\/api.w.org\/{rel}","templated":true}]}}